{"id":5,"date":"2015-10-08T23:07:21","date_gmt":"2015-10-08T23:07:21","guid":{"rendered":"https:\/\/avada.theme-fusion.com\/forum\/?page_id=5"},"modified":"2026-02-27T17:25:00","modified_gmt":"2026-02-27T16:25:00","slug":"home","status":"publish","type":"page","link":"https:\/\/nasmembers.org\/","title":{"rendered":"Home"},"content":{"rendered":"<p><div class=\"fusion-fullwidth fullwidth-box fusion-builder-row-1 nonhundred-percent-fullwidth non-hundred-percent-height-scrolling\" style=\"background-color: #f2f2f2;background-position: left top;background-repeat: no-repeat;padding-top:10px;padding-right:0px;padding-bottom:0px;padding-left:0px;margin-bottom: 0px;margin-top: 0px;border-width: 0px 0px 0px 0px;border-color:#eaeaea;border-style:solid;\" ><div class=\"fusion-builder-row fusion-row\"><div class=\"fusion-layout-column fusion_builder_column fusion-builder-column-0 fusion_builder_column_1_1 1_1 fusion-one-full fusion-column-first fusion-column-last\" style=\"margin-top:0px;margin-bottom:0px;\"><div class=\"fusion-column-wrapper fusion-flex-column-wrapper-legacy\" style=\"background-position:left top;background-repeat:no-repeat;-webkit-background-size:cover;-moz-background-size:cover;-o-background-size:cover;background-size:cover;padding: 0px 14% 0px 14%;\"><div class=\"fusion-text fusion-text-1\"><p style=\"font-size: 16px; text-align: center; letter-spacing: 6px;\"><span style=\"color: #525252;\"><strong>NORDISKA AKVARELLS\u00c4LLSKAPETS MEDLEMSSIDER<\/strong><\/span><\/p>\n<\/div><div class=\"fusion-text fusion-text-2\"><p>Her kan du se en pr\u00e6sentation af NAS-medlemmer, som \u00f8nsker at dele deres kontaktinformationer p\u00e5 denne side.<br \/>\nDette er ikke en udt\u00f8mmende medlemsliste &#8211; men pr\u00e6sentationer af de medlemmer, som selv har bedt om at f\u00e5 vist deres billeder og informationer.<br \/>\nSelskabet m\u00e5 ikke p\u00e5 egen foranledning selv offentligg\u00f8re medlemmers navne eller personlige informationer eller kontaktinformationer.<br \/>\nKlik p\u00e5 de enkelte navne i menuen <a href=\"http:\/\/nasmembers.org\/index.php\/members-a-z\/\">MEMBERS <\/a>\u00a0for at f\u00e5 vist mere om hvert medlem.<br \/>\nEr du NAS-medlem og \u00f8nsker du at f\u00e5 bragt dine kontaktinformationer p\u00e5 disse sider?<a href=\"http:\/\/nasmembers.org\/index.php\/info\/\"> L\u00e6s mere her<\/a><\/p>\n<p><em>Here you may find a presentation of NAS-members who have wished to share their contact information on this web site.<br \/>\nThis is not a complete member list &#8211; but presentations of the members who have requested to show images and contact information on this site.<br \/>\nThe society is not allowed on our own initiative to share members&#8217; names or personal information or contact information.<br \/>\nClick on the name of each person under the tab <a href=\"http:\/\/nasmembers.org\/index.php\/members-a-z\/\">MEMBERS<\/a>\u00a0 to find out more.<\/em><br \/>\n<em>Are you a NAS-member and do you want to be included in the presentation section?<a href=\"http:\/\/nasmembers.org\/index.php\/info\/\"> Read more here<\/a><\/em><\/p>\n<\/div><div class=\"fusion-clearfix\"><\/div><\/div><\/div><\/div><\/div><div class=\"fusion-fullwidth fullwidth-box fusion-builder-row-2 fusion-parallax-none nonhundred-percent-fullwidth non-hundred-percent-height-scrolling\" style=\"background-color: rgba(255,255,255,0);background-image: url(&quot;http:\/\/localhost\/nasforum.org\/wp-content\/uploads\/2015\/10\/join_now_cta_bg.jpg&quot;);background-position: center center;background-repeat: no-repeat;padding-top:80px;padding-right:0px;padding-bottom:80px;padding-left:0px;margin-bottom: 0px;margin-top: 0px;border-width: 0px 0px 0px 0px;border-color:#eaeaea;border-style:solid;-webkit-background-size:cover;-moz-background-size:cover;-o-background-size:cover;background-size:cover;\" ><div class=\"fusion-builder-row fusion-row\"><div class=\"fusion-layout-column fusion_builder_column fusion-builder-column-1 fusion_builder_column_1_5 1_5 fusion-one-fifth fusion-column-first fusion-no-small-visibility\" style=\"width:16.8%; margin-right: 4%;margin-top:0px;margin-bottom:20px;\"><div class=\"fusion-column-wrapper fusion-flex-column-wrapper-legacy\" style=\"background-position:left top;background-repeat:no-repeat;-webkit-background-size:cover;-moz-background-size:cover;-o-background-size:cover;background-size:cover;padding: 0px 0px 0px 0px;\"><div class=\"fusion-clearfix\"><\/div><\/div><\/div><div class=\"fusion-layout-column fusion_builder_column fusion-builder-column-2 fusion_builder_column_3_5 3_5 fusion-three-fifth fusion-animated\" style=\"width:58.4%; margin-right: 4%;margin-top:0px;margin-bottom:20px;\" data-animationType=\"slideInDown\" data-animationDuration=\"1\" data-animationOffset=\"100%\"><div class=\"fusion-column-wrapper fusion-flex-column-wrapper-legacy\" style=\"background-position:center center;background-repeat:no-repeat;-webkit-background-size:cover;-moz-background-size:cover;-o-background-size:cover;background-size:cover;padding: 60px 60px 60px 60px;\"><div class=\"fusion-aligncenter\"><style type=\"text\/css\">.fusion-button.button-1 .fusion-button-text, .fusion-button.button-1 i {color:#ffffff;}.fusion-button.button-1 .fusion-button-icon-divider{border-color:#ffffff;}.fusion-button.button-1:hover .fusion-button-text, .fusion-button.button-1:hover i,.fusion-button.button-1:focus .fusion-button-text, .fusion-button.button-1:focus i,.fusion-button.button-1:active .fusion-button-text, .fusion-button.button-1:active{color:#ffffff;}.fusion-button.button-1:hover .fusion-button-icon-divider, .fusion-button.button-1:hover .fusion-button-icon-divider, .fusion-button.button-1:active .fusion-button-icon-divider{border-color:#ffffff;}.fusion-button.button-1:hover, .fusion-button.button-1:focus, .fusion-button.button-1:active{border-color:#ffffff;}.fusion-button.button-1 {border-color:#ffffff;border-radius:2px;}.fusion-button.button-1{background: #25a9bd;}.fusion-button.button-1:hover,.button-1:focus,.fusion-button.button-1:active{background: #ff8d61;}<\/style><a class=\"fusion-button button-flat fusion-button-default-size button-custom button-1 fusion-button-span-no fusion-button-default-type\" target=\"_blank\" rel=\"noopener noreferrer\" href=\"http:\/\/akvarellen.org\/index.php\/bli-medlem\"><span class=\"fusion-button-text\">Become a member of the Nordic Watercolor Society<\/span><i class=\" fa fa-angle-right button-icon-right\" aria-hidden=\"true\"><\/i><\/a><\/div><div class=\"fusion-clearfix\"><\/div><\/div><\/div><div class=\"fusion-layout-column fusion_builder_column fusion-builder-column-3 fusion_builder_column_1_5 1_5 fusion-one-fifth fusion-column-last fusion-no-small-visibility\" style=\"width:16.8%;margin-top:0px;margin-bottom:20px;\"><div class=\"fusion-column-wrapper fusion-flex-column-wrapper-legacy\" style=\"background-position:left top;background-repeat:no-repeat;-webkit-background-size:cover;-moz-background-size:cover;-o-background-size:cover;background-size:cover;padding: 0px 0px 0px 0px;\"><div class=\"fusion-clearfix\"><\/div><\/div><\/div><\/div><\/div><\/p>\n","protected":false},"excerpt":{"rendered":"","protected":false},"author":1,"featured_media":0,"parent":0,"menu_order":0,"comment_status":"closed","ping_status":"closed","template":"100-width.php","meta":{"_bbp_topic_count":0,"_bbp_reply_count":0,"_bbp_total_topic_count":0,"_bbp_total_reply_count":0,"_bbp_voice_count":0,"_bbp_anonymous_reply_count":0,"_bbp_topic_count_hidden":0,"_bbp_reply_count_hidden":0,"_bbp_forum_subforum_count":0,"footnotes":""},"class_list":["post-5","page","type-page","status-publish","hentry"],"_links":{"self":[{"href":"https:\/\/nasmembers.org\/index.php\/wp-json\/wp\/v2\/pages\/5","targetHints":{"allow":["GET"]}}],"collection":[{"href":"https:\/\/nasmembers.org\/index.php\/wp-json\/wp\/v2\/pages"}],"about":[{"href":"https:\/\/nasmembers.org\/index.php\/wp-json\/wp\/v2\/types\/page"}],"author":[{"embeddable":true,"href":"https:\/\/nasmembers.org\/index.php\/wp-json\/wp\/v2\/users\/1"}],"replies":[{"embeddable":true,"href":"https:\/\/nasmembers.org\/index.php\/wp-json\/wp\/v2\/comments?post=5"}],"version-history":[{"count":26,"href":"https:\/\/nasmembers.org\/index.php\/wp-json\/wp\/v2\/pages\/5\/revisions"}],"predecessor-version":[{"id":5116,"href":"https:\/\/nasmembers.org\/index.php\/wp-json\/wp\/v2\/pages\/5\/revisions\/5116"}],"wp:attachment":[{"href":"https:\/\/nasmembers.org\/index.php\/wp-json\/wp\/v2\/media?parent=5"}],"curies":[{"name":"wp","href":"https:\/\/api.w.org\/{rel}","templated":true}]}}